{"id":595,"date":"2024-01-18T14:52:50","date_gmt":"2024-01-18T14:52:50","guid":{"rendered":"https:\/\/comercialdeoccidente.com\/?post_type=product&#038;p=595"},"modified":"2024-01-18T14:59:44","modified_gmt":"2024-01-18T14:59:44","slug":"sello-de-perno-base-hexagonal","status":"publish","type":"product","link":"https:\/\/comercialdeoccidente.com\/?product=sello-de-perno-base-hexagonal","title":{"rendered":"Sello de perno base hexagonal"},"content":{"rendered":"<p>Un sello log\u00edstico con base hexagonal ofrece un sellado seguro para pernos hexagonales en aplicaciones industriales. Su dise\u00f1o facilita la instalaci\u00f3n con herramientas convencionales y proporciona resistencia contra la humedad y contaminantes, asegurando la integridad de las conexiones log\u00edsticas.<\/p>\n","protected":false},"excerpt":{"rendered":"<p>Un sello log\u00edstico con base hexagonal ofrece un sellado seguro para pernos hexagonales en aplicaciones industriales. Su dise\u00f1o facilita la instalaci\u00f3n con herramientas convencionales y proporciona resistencia contra la humedad y contaminantes, asegurando la integridad de las conexiones log\u00edsticas.<\/p>\n","protected":false},"featured_media":0,"comment_status":"open","ping_status":"closed","template":"","meta":{"_et_pb_use_builder":"","_et_pb_old_content":"","_et_gb_content_width":""},"product_cat":[44],"product_tag":[],"class_list":{"0":"post-595","1":"product","2":"type-product","3":"status-publish","5":"product_cat-sellos","7":"first","8":"instock","9":"shipping-taxable","10":"purchasable","11":"product-type-variable"},"jetpack_sharing_enabled":true,"_links":{"self":[{"href":"https:\/\/comercialdeoccidente.com\/index.php?rest_route=\/wp\/v2\/product\/595","targetHints":{"allow":["GET"]}}],"collection":[{"href":"https:\/\/comercialdeoccidente.com\/index.php?rest_route=\/wp\/v2\/product"}],"about":[{"href":"https:\/\/comercialdeoccidente.com\/index.php?rest_route=\/wp\/v2\/types\/product"}],"replies":[{"embeddable":true,"href":"https:\/\/comercialdeoccidente.com\/index.php?rest_route=%2Fwp%2Fv2%2Fcomments&post=595"}],"wp:attachment":[{"href":"https:\/\/comercialdeoccidente.com\/index.php?rest_route=%2Fwp%2Fv2%2Fmedia&parent=595"}],"wp:term":[{"taxonomy":"product_cat","embeddable":true,"href":"https:\/\/comercialdeoccidente.com\/index.php?rest_route=%2Fwp%2Fv2%2Fproduct_cat&post=595"},{"taxonomy":"product_tag","embeddable":true,"href":"https:\/\/comercialdeoccidente.com\/index.php?rest_route=%2Fwp%2Fv2%2Fproduct_tag&post=595"}],"curies":[{"name":"wp","href":"https:\/\/api.w.org\/{rel}","templated":true}]}}